{"id":2337,"date":"2024-07-25T16:26:09","date_gmt":"2024-07-25T14:26:09","guid":{"rendered":"https:\/\/www.aletebikes.com\/store-locator-ganaz\/"},"modified":"2024-07-25T16:26:09","modified_gmt":"2024-07-25T14:26:09","slug":"store-locator-ganaz","status":"publish","type":"page","link":"https:\/\/www.aletebikes.com\/pl\/store-locator-ganaz\/","title":{"rendered":"Store Locator Ganaz"},"content":{"rendered":"        <div id=\"store_locator\" class=\"store-locator-container-fluid store_locator modal-body \"  data-hide-stores-on-first-view=\"no\">            <div class=\"store-locator-row\">                        <div id=\"store_locator_sidebar\" class=\"store_locator_sidebar store-locator-col-12 store-locator-col-sm-12 store-locator-col-md-4 store-locator-order-first\">            <div id=\"store_locator_sidebar_content\" class=\"store_locator_sidebar_content store-locator-row\">                    <div id=\"store_locator_search_box\" class=\"store_locator_search_box store-locator-col-12 store-locator-col-sm-12 \">            <div class=\"store-locator-row\">            <div class=\"store-locator-col-12 store-locator-col-sm-12 store-locator-col-md-12 wordpress-store-locator-block-search_title\">        <h2 class=\"store_modal_title\">Znajd\u017a najbli\u017cszego sprzedawc\u0119<\/h2>                <span id=\"store_locator_filter_active_filter_box\" class=\"store_locator_filter_active_filter_box\">           <small>Aktywny filtr:<\/small> <span id=\"store_locator_filter_active_filter\"><\/span>        <\/span>        <\/div><div class=\"store-locator-col-12 store-locator-col-sm-12 store-locator-col-md-12 wordpress-store-locator-block-address_field\">        <div class=\"wordpress-store-locator-address-container\">            <div class=\"store-locator-row\">                <div class=\"store-locator-col-12 store-locator-col-sm-12\">                                        <h5 class=\"wordpress-store-locator-address-title\">Adres<\/h5>                                        <input id=\"store_locator_address_field\" class=\"store_locator_address_field\" type=\"text\" name=\"location\" placeholder=\"Inserisci il tuo indirizzo\" value=\"\">                            <a href=\"#\" id=\"store_locator_get_my_position\" class=\"store_locator_text_actions\"><i class=\"fa fa-crosshairs\"><\/i> Wykryj moj\u0105 lokalizacj\u0119<\/a>                <a href=\"#\" id=\"store_locator_reset_filters\" class=\"store_locator_text_actions\"><i class=\"fa fa-eraser\"><\/i> Reimposta tutti i filtri<\/a>                 <a href=\"#\" id=\"store_locator_get_all_stores\" class=\"store_locator_text_actions\"><i class=\"fa fa-globe\"><\/i> Mostra tutti i negozi<\/a>                        <\/div>            <\/div>        <\/div>        <\/div><div class=\"store-locator-col-12 store-locator-col-sm-12 store-locator-col-md-12 wordpress-store-locator-block-search_button\">        <div class=\"wordpress-store-locator-search-container\">            <div class=\"store-locator-row\">                <div class=\"store-locator-col-12 store-locator-col-sm-12\">                    <button id=\"store_locator_find_stores_button\" type=\"button\" class=\"store_locator_find_stores_button btn button et_pb_button btn-primary btn-lg\">                        Znajd\u017a sprzedawc\u0119                    <\/button>                <\/div>            <\/div>        <\/div>        <\/div><div class=\"store-locator-col-12 store-locator-col-sm-12 store-locator-col-md-12 wordpress-store-locator-block-filter\">        <div class=\"wordpress-store-locator-filter-container\">            <div class=\"store-locator-row\">                <div id=\"store_locator_filter\" class=\"store_locator_filter\">                                        <div id=\"store_locator_filter_open_close\" class=\"store_locator_filter_open_close store-locator-col-12 store-locator-col-sm-12\">                        <h3 class=\"store_locator_filter_title\">Filtro<\/h3> <i class=\"fas fa-chevron-up text-right\"><\/i>                    <\/div>                                        <div id=\"store_locator_filter_content\" class=\"store_locator_filter_content\" style=\"display: block;\">                        <div class=\"store-locator-row\">                                                        <div class=\"store-locator-col-12 store-locator-col-sm-12 store-locator-col-md-12 wordpress-store-locator-block-radius_filter\">        <div class=\"store-locator-col-12 store-locator-col-sm-12 single_filter store-locator-radius-filter\">                                    <h5 class=\"wordpress-store-locator-radius-title\">Promie\u0144 wyszukiwania<\/h5>                                    <select name=\"radius\" id=\"store_locator_filter_radius\" class=\"select store_locator_filter_radius\">            <option value=\"5\" >5 km<\/option><option value=\"10\" >10 km<\/option><option value=\"25\" selected=\"selected\">25 km<\/option><option value=\"50\" >50 km<\/option>            <\/select>        <\/div>        <\/div><div class=\"store-locator-col-12 store-locator-col-sm-12 store-locator-col-md-12 wordpress-store-locator-block-store_categories\">        <div class=\"store-locator-col-12 store-locator-col-sm-12 single_filter store-locator-categories\">                            <a class=\"store_locator_category_filter_image\"><img decoding=\"async\" src=\"https:\/\/maps.google.com\/mapfiles\/marker_grey.png\" data-category=\"\"><br><span class=\"store_locator_category_filter_image_name\">Wszystkie sklepy<\/span><\/a><a class=\"store_locator_category_filter_image\" data-selected=\"selected\" data-category=\"3\" data-icon=\"https:\/\/www.aletebikes.com\/wp-content\/uploads\/2024\/07\/ganaz.png\"><img decoding=\"async\" src=\"https:\/\/www.aletebikes.com\/wp-content\/uploads\/2024\/07\/ganaz.png\"><br><span class=\"store_locator_category_filter_image_name\">Ganaz<\/span><\/a>                    <\/div>     <\/div><div class=\"store-locator-col-12 store-locator-col-sm-12 store-locator-col-md-12 wordpress-store-locator-block-store_filter\">        <div class=\"store-locator-col-12 store-locator-col-sm-12  store-locator-filters\">        <div class=\"store-locator-row\">                    <\/div>        <\/div>        <\/div>                        <\/div>                    <\/div>                <\/div>            <\/div>        <\/div>        <\/div>            <\/div>        <\/div>                <div id=\"store_locator_result_list_box\" class=\"store_locator_result_list_box store-locator-col-12 store-locator-col-sm-12\">            <hr class=\"grey\">                            <div id=\"store_locator_result_open_close\" class=\"store_locator_result_open_close\">                    <h3 class=\"store_locator_result_list_title\">Risultati<\/h3>                    <i class=\"fas fa-chevron-up text-right\"><\/i>                <\/div>                                    <div id=\"store_locator_result_list\" class=\"store-locator-row\" style=\"display: flex;\">                            <\/div>        <\/div>                    <\/div>        <\/div>                <div id=\"store_locator_main\" class=\"store_locator_main  store-locator-col-12 store-locator-col-sm-12 store-locator-col-md-8\">            <div id=\"store_locator_map\" style=\"height: 100%;\"><\/div>            <div id=\"store_locator_dragged_button\" class=\"btn button et_pb_button button-primary theme-button store_locator_dragged_button\">                Szukaj w tym obszarze            <\/div>        <\/div>                    <\/div>            <button type=\"button\" id=\"store_modal_close\" class=\"store_modal_close\" data-dismiss=\"modal\" aria-label=\"Close\"><span aria-hidden=\"true\">&times;<\/span><\/button>            <div id=\"store_locator_loading\" class=\"store_locator_loading store_locator_hidden\"><i class=\"fas fa-spinner fa-spin fa-3x\"><\/i><\/div>        <\/div>    \n","protected":false},"excerpt":{"rendered":"","protected":false},"author":1,"featured_media":0,"parent":0,"menu_order":0,"comment_status":"closed","ping_status":"closed","template":"templates\/template-storelocator.php","meta":{"footnotes":""},"class_list":["post-2337","page","type-page","status-publish","hentry"],"_links":{"self":[{"href":"https:\/\/www.aletebikes.com\/pl\/wp-json\/wp\/v2\/pages\/2337","targetHints":{"allow":["GET"]}}],"collection":[{"href":"https:\/\/www.aletebikes.com\/pl\/wp-json\/wp\/v2\/pages"}],"about":[{"href":"https:\/\/www.aletebikes.com\/pl\/wp-json\/wp\/v2\/types\/page"}],"author":[{"embeddable":true,"href":"https:\/\/www.aletebikes.com\/pl\/wp-json\/wp\/v2\/users\/1"}],"replies":[{"embeddable":true,"href":"https:\/\/www.aletebikes.com\/pl\/wp-json\/wp\/v2\/comments?post=2337"}],"version-history":[{"count":0,"href":"https:\/\/www.aletebikes.com\/pl\/wp-json\/wp\/v2\/pages\/2337\/revisions"}],"wp:attachment":[{"href":"https:\/\/www.aletebikes.com\/pl\/wp-json\/wp\/v2\/media?parent=2337"}],"curies":[{"name":"wp","href":"https:\/\/api.w.org\/{rel}","templated":true}]}}